{"id":1956,"date":"2025-06-26T23:52:14","date_gmt":"2025-06-26T20:52:14","guid":{"rendered":"https:\/\/rkeeper.us\/?page_id=1956"},"modified":"2025-07-22T12:09:05","modified_gmt":"2025-07-22T09:09:05","slug":"selbstbedienungskioske","status":"publish","type":"page","link":"https:\/\/rkeeperpos.de\/?page_id=1956","title":{"rendered":"Selbstbedienungskioske"},"content":{"rendered":"\t\t<div data-elementor-type=\"wp-page\" data-elementor-id=\"1956\" class=\"elementor elementor-1956 elementor-1787\" data-elementor-post-type=\"page\">\n\t\t\t\t<div class=\"elementor-element elementor-element-45a7e7ff e-flex e-con-boxed e-con e-parent\" data-id=\"45a7e7ff\" data-element_type=\"container\" data-e-type=\"container\">\n\t\t\t\t\t<div class=\"e-con-inner\">\n\t\t\t\t<div class=\"elementor-element elementor-element-7639dded elementor-widget elementor-widget-heading\" data-id=\"7639dded\" data-element_type=\"widget\" data-e-type=\"widget\" data-widget_type=\"heading.default\">\n\t\t\t\t<div class=\"elementor-widget-container\">\n\t\t\t\t\t<h3 class=\"elementor-heading-title elementor-size-default\">Selbstbedienungskioske<\/h3>\t\t\t\t<\/div>\n\t\t\t\t<\/div>\n\t\t\t\t<div class=\"elementor-element elementor-element-60686d3 elementor-widget elementor-widget-text-editor\" data-id=\"60686d3\" data-element_type=\"widget\" data-e-type=\"widget\" data-widget_type=\"text-editor.default\">\n\t\t\t\t<div class=\"elementor-widget-container\">\n\t\t\t\t\t\t\t\t\t<h2 id=\"Empower-your-fast-food-experience-with-r_keeper-kiosks-1\"><strong>Optimieren Sie Ihr Fast-Food-Erlebnis mit r_keeper Kiosken<\/strong><\/h2><figure class=\"image image-style-align-left image_resized\"><img fetchpriority=\"high\" decoding=\"async\" class=\"alignright\" src=\"https:\/\/img.perfectwiki.xyz\/insecure\/resize:fit:400\/aHR0cHM6Ly9zdG9yYWdlLmdvb2dsZWFwaXMuY29tL3BlcmZlY3Rfd2lraS9jMThmZTZmNy03MTRiLTQxMzItYmI1NC0zNTY0ODc3NWVkMGMvY1NJdzZ0a3l0OFU2UTIxZUlGQk4vJUQwJUI4JUQwJUI3JUQwJUJFJUQwJUIxJUQxJTgwJUQwJUIwJUQwJUI2JUQwJUI1JUQwJUJEJUQwJUI4JUQwJUI1X2Q2NTk2NWQzLTFkNDUtNDYyOC05ZTkxLWJlOGUxYzc1ODBhMy5wbmc.webp\" sizes=\"100vw\" srcset=\"https:\/\/img.perfectwiki.xyz\/insecure\/resize:fit:400\/aHR0cHM6Ly9zdG9yYWdlLmdvb2dsZWFwaXMuY29tL3BlcmZlY3Rfd2lraS9jMThmZTZmNy03MTRiLTQxMzItYmI1NC0zNTY0ODc3NWVkMGMvY1NJdzZ0a3l0OFU2UTIxZUlGQk4vJUQwJUI4JUQwJUI3JUQwJUJFJUQwJUIxJUQxJTgwJUQwJUIwJUQwJUI2JUQwJUI1JUQwJUJEJUQwJUI4JUQwJUI1X2Q2NTk2NWQzLTFkNDUtNDYyOC05ZTkxLWJlOGUxYzc1ODBhMy5wbmc.webp 400w, https:\/\/img.perfectwiki.xyz\/insecure\/resize:fit:800\/aHR0cHM6Ly9zdG9yYWdlLmdvb2dsZWFwaXMuY29tL3BlcmZlY3Rfd2lraS9jMThmZTZmNy03MTRiLTQxMzItYmI1NC0zNTY0ODc3NWVkMGMvY1NJdzZ0a3l0OFU2UTIxZUlGQk4vJUQwJUI4JUQwJUI3JUQwJUJFJUQwJUIxJUQxJTgwJUQwJUIwJUQwJUI2JUQwJUI1JUQwJUJEJUQwJUI4JUQwJUI1X2Q2NTk2NWQzLTFkNDUtNDYyOC05ZTkxLWJlOGUxYzc1ODBhMy5wbmc.webp 800w, https:\/\/img.perfectwiki.xyz\/insecure\/resize:fit:1200\/aHR0cHM6Ly9zdG9yYWdlLmdvb2dsZWFwaXMuY29tL3BlcmZlY3Rfd2lraS9jMThmZTZmNy03MTRiLTQxMzItYmI1NC0zNTY0ODc3NWVkMGMvY1NJdzZ0a3l0OFU2UTIxZUlGQk4vJUQwJUI4JUQwJUI3JUQwJUJFJUQwJUIxJUQxJTgwJUQwJUIwJUQwJUI2JUQwJUI1JUQwJUJEJUQwJUI4JUQwJUI1X2Q2NTk2NWQzLTFkNDUtNDYyOC05ZTkxLWJlOGUxYzc1ODBhMy5wbmc.webp 1200w, https:\/\/img.perfectwiki.xyz\/insecure\/aHR0cHM6Ly9zdG9yYWdlLmdvb2dsZWFwaXMuY29tL3BlcmZlY3Rfd2lraS9jMThmZTZmNy03MTRiLTQxMzItYmI1NC0zNTY0ODc3NWVkMGMvY1NJdzZ0a3l0OFU2UTIxZUlGQk4vJUQwJUI4JUQwJUI3JUQwJUJFJUQwJUIxJUQxJTgwJUQwJUIwJUQwJUI2JUQwJUI1JUQwJUJEJUQwJUI4JUQwJUI1X2Q2NTk2NWQzLTFkNDUtNDYyOC05ZTkxLWJlOGUxYzc1ODBhMy5wbmc.webp 1400w\" alt=\"Produkte \/ 1 Selbstbedienungskioske \u2705  \" width=\"428\" height=\"426\"><\/figure><h3 id=\"Quick.-Efficient.-User-Friendly.-2\"><strong>Schnell. Effizient. Benutzerfreundlich.  <\/strong><\/h3><p>Unsere Kioske sind schnell, effizient und unglaublich benutzerfreundlich und erm\u00f6glichen es Ihren Kunden, ihre Bestellungen bequem aufzugeben, wodurch sich die Wartezeiten verk\u00fcrzen und die Zufriedenheit steigt. Tauchen Sie ein in die Zukunft der Gastronomie, wo Technologie auf Geschmack trifft. Steigern Sie die Effizienz Ihres Restaurants und beobachten Sie, wie Ihr Gesch\u00e4ft mit <strong>r_keeper<\/strong> w\u00e4chst. Nehmen Sie noch heute Kontakt auf, um Ihren Service zu verbessern!   <\/p><ul><li>\u201eWartezeiten reduzieren\u201c<\/li><li>\u201eKundenzufriedenheit steigern\u201c<\/li><li>\u201eBestellgenauigkeit erh\u00f6hen\u201c<\/li><li>\u201eUmsatz durch Up-Selling  Cross-Selling steigern\u201c<\/li><\/ul><h2 id=\"How-R-Keeper-Kiosks-Work-1\"><strong>Wie r-keeper Kioske funktionieren<\/strong><\/h2><ul><li>\u201eEinfache Einrichtung\u201c<\/li><li>\u201eNahtlose Bestellung\u201c<\/li><li>\u201eSofortige Zahlungsabwicklung\u201c<\/li><li>\u201eSchnelle Auftragserf\u00fcllung\u201c<\/li><\/ul><h2><strong>Vorteile von R-keeper Kiosken<\/strong><\/h2><p><strong style=\"letter-spacing: 0px; word-spacing: 0em; background-color: transparent;\">&#8222;Rationalisieren Sie Ihren Betrieb&#8220; <\/strong><span style=\"letter-spacing: 0px; word-spacing: 0em; background-color: transparent;\">geht es darum, die Art und Weise zu revolutionieren, in der Fast-Food-Restaurants ihre t\u00e4glichen Arbeitsabl\u00e4ufe und Kundenkontakte verwalten. <\/span><span style=\"letter-spacing: 0px; word-spacing: 0em; background-color: transparent;\">Dieser Ansatz nutzt fortschrittliche Technologie, um Ihr Restaurant effizienter zu machen und den Zeit- und Arbeitsaufwand f\u00fcr Routineaufgaben zu reduzieren.<\/span><\/p><p><strong style=\"background-color: transparent; letter-spacing: 0px; word-spacing: 0em;\">Schnellerer Bestellvorgang:<\/strong><span style=\"background-color: transparent; letter-spacing: 0px; word-spacing: 0em;\"> Kunden k\u00f6nnen ihre Bestellungen schnell \u00fcber eine intuitive Touchscreen-Benutzeroberfl\u00e4che aufgeben, wodurch sich die Wartezeiten verk\u00fcrzen und der Druck auf Ihr Personal w\u00e4hrend der Sto\u00dfzeiten minimiert wird.<\/span><\/p><p><strong style=\"background-color: transparent; letter-spacing: 0px; word-spacing: 0em;\">Verbesserte Auftragsgenauigkeit:<\/strong><span style=\"background-color: transparent; letter-spacing: 0px; word-spacing: 0em;\">  Mit Selbstbedienungskiosken haben die Kunden die M\u00f6glichkeit, ihre Bestellungen genau nach ihren W\u00fcnschen zu gestalten, was die Fehlerwahrscheinlichkeit, die bei herk\u00f6mmlichen Bestellmethoden auftreten kann, erheblich verringert. Diese Genauigkeit stellt sicher, dass die Kunden genau das erhalten, was sie bestellt haben, was die Zufriedenheit erh\u00f6ht und die Verschwendung reduziert. <\/span><\/p><p><strong style=\"background-color: transparent; letter-spacing: 0px; word-spacing: 0em;\">Effiziente Personalzuweisung:<\/strong><span style=\"background-color: transparent; letter-spacing: 0px; word-spacing: 0em;\">  Durch die Automatisierung der Bestellannahme kann sich Ihr Personal auf andere wichtige Bereiche wie die Zubereitung von Speisen und den Kundenservice konzentrieren. Diese optimierte Zuteilung von Personalressourcen stellt sicher, dass Ihre Abl\u00e4ufe reibungslos funktionieren und die Gesamteffizienz Ihres Restaurants verbessert wird. <\/span><\/p><p><img decoding=\"async\" class=\"alignleft\" style=\"margin: 8px 8px 0px;\" src=\"https:\/\/img.perfectwiki.xyz\/insecure\/resize:fit:400\/aHR0cHM6Ly9zdG9yYWdlLmdvb2dsZWFwaXMuY29tL3BlcmZlY3Rfd2lraS9jMThmZTZmNy03MTRiLTQxMzItYmI1NC0zNTY0ODc3NWVkMGMvY1NJdzZ0a3l0OFU2UTIxZUlGQk4vJUQwJUI4JUQwJUI3JUQwJUJFJUQwJUIxJUQxJTgwJUQwJUIwJUQwJUI2JUQwJUI1JUQwJUJEJUQwJUI4JUQwJUI1XzI4MzhjZjMwLTdiYTAtNDI4OC04NWE5LWUyYTNjZjM0M2EzMi5wbmc.webp\" sizes=\"100vw\" srcset=\"https:\/\/img.perfectwiki.xyz\/insecure\/resize:fit:400\/aHR0cHM6Ly9zdG9yYWdlLmdvb2dsZWFwaXMuY29tL3BlcmZlY3Rfd2lraS9jMThmZTZmNy03MTRiLTQxMzItYmI1NC0zNTY0ODc3NWVkMGMvY1NJdzZ0a3l0OFU2UTIxZUlGQk4vJUQwJUI4JUQwJUI3JUQwJUJFJUQwJUIxJUQxJTgwJUQwJUIwJUQwJUI2JUQwJUI1JUQwJUJEJUQwJUI4JUQwJUI1XzI4MzhjZjMwLTdiYTAtNDI4OC04NWE5LWUyYTNjZjM0M2EzMi5wbmc.webp 400w, https:\/\/img.perfectwiki.xyz\/insecure\/resize:fit:800\/aHR0cHM6Ly9zdG9yYWdlLmdvb2dsZWFwaXMuY29tL3BlcmZlY3Rfd2lraS9jMThmZTZmNy03MTRiLTQxMzItYmI1NC0zNTY0ODc3NWVkMGMvY1NJdzZ0a3l0OFU2UTIxZUlGQk4vJUQwJUI4JUQwJUI3JUQwJUJFJUQwJUIxJUQxJTgwJUQwJUIwJUQwJUI2JUQwJUI1JUQwJUJEJUQwJUI4JUQwJUI1XzI4MzhjZjMwLTdiYTAtNDI4OC04NWE5LWUyYTNjZjM0M2EzMi5wbmc.webp 800w, https:\/\/img.perfectwiki.xyz\/insecure\/resize:fit:1200\/aHR0cHM6Ly9zdG9yYWdlLmdvb2dsZWFwaXMuY29tL3BlcmZlY3Rfd2lraS9jMThmZTZmNy03MTRiLTQxMzItYmI1NC0zNTY0ODc3NWVkMGMvY1NJdzZ0a3l0OFU2UTIxZUlGQk4vJUQwJUI4JUQwJUI3JUQwJUJFJUQwJUIxJUQxJTgwJUQwJUIwJUQwJUI2JUQwJUI1JUQwJUJEJUQwJUI4JUQwJUI1XzI4MzhjZjMwLTdiYTAtNDI4OC04NWE5LWUyYTNjZjM0M2EzMi5wbmc.webp 1200w, https:\/\/img.perfectwiki.xyz\/insecure\/aHR0cHM6Ly9zdG9yYWdlLmdvb2dsZWFwaXMuY29tL3BlcmZlY3Rfd2lraS9jMThmZTZmNy03MTRiLTQxMzItYmI1NC0zNTY0ODc3NWVkMGMvY1NJdzZ0a3l0OFU2UTIxZUlGQk4vJUQwJUI4JUQwJUI3JUQwJUJFJUQwJUIxJUQxJTgwJUQwJUIwJUQwJUI2JUQwJUI1JUQwJUJEJUQwJUI4JUQwJUI1XzI4MzhjZjMwLTdiYTAtNDI4OC04NWE5LWUyYTNjZjM0M2EzMi5wbmc.webp 1400w\" alt=\"Produkte \/ 1 Selbstbedienungskioske \u2705  \" width=\"485\" height=\"324\"><\/p><p><strong style=\"background-color: transparent; letter-spacing: 0px; word-spacing: 0em;\">Datengest\u00fctzte Einblicke:<\/strong><span style=\"background-color: transparent; letter-spacing: 0px; word-spacing: 0em;\">  R-Keeper-Kioske sammeln wertvolle Daten \u00fcber Kundenpr\u00e4ferenzen und Bestellverhalten. Diese Informationen k\u00f6nnen analysiert werden, um fundierte Entscheidungen \u00fcber Men\u00fcanpassungen, Werbestrategien und Personaleinsatz in Spitzenzeiten zu treffen, den Betrieb weiter zu rationalisieren und das Gastronomieerlebnis auf den Geschmack Ihrer Kunden abzustimmen. <\/span><\/p><p><strong style=\"background-color: transparent; letter-spacing: 0px; word-spacing: 0em;\">&#8222;Bef\u00e4higen Sie Ihre Kunden&#8220;  <\/strong><span style=\"background-color: transparent; letter-spacing: 0px; word-spacing: 0em;\">gibt den G\u00e4sten die Kontrolle \u00fcber ihr Essenserlebnis in Ihrem Fast-Food-Restaurant. Diese Kioske bieten einen intuitiven und interaktiven Bestellvorgang, der es den Kunden erm\u00f6glicht, die Speisekarte in ihrem eigenen Tempo zu durchst\u00f6bern, ihre Bestellungen genau auf ihre Vorlieben abzustimmen und sogar neue Artikel oder Angebote zu entdecken. Dieser selbstgesteuerte Ansatz steigert nicht nur die Kundenzufriedenheit, indem er ihnen Auswahlm\u00f6glichkeiten und Flexibilit\u00e4t bietet, sondern bezieht sie auch in ein modernes, technikaffines Essenserlebnis ein. Wenn Sie Ihre Kunden auf diese Weise unterst\u00fctzen, k\u00f6nnen Sie den Bestellwert durch Upselling-M\u00f6glichkeiten und einen pers\u00f6nlicheren Service steigern und so zur Kundentreue und zum Wiederkauf beitragen.   <\/span><\/p><p><strong style=\"background-color: transparent; letter-spacing: 0px; word-spacing: 0em;\">&#8222;Verbessern Sie Ihr Gesch\u00e4ftsergebnis&#8220;  <\/strong><span style=\"background-color: transparent; letter-spacing: 0px; word-spacing: 0em;\">Technologie, die sich direkt auf die Rentabilit\u00e4t Ihres Fast-Food-Restaurants auswirkt. Hier erfahren Sie, wie die Integration dieser Kioske den Umsatz steigern kann: <\/span><\/p><p><strong style=\"background-color: transparent; letter-spacing: 0px; word-spacing: 0em;\">Upselling und Cross-Selling:<\/strong><span style=\"background-color: transparent; letter-spacing: 0px; word-spacing: 0em;\">  Kioske k\u00f6nnen bei der Bestellung automatisch Zusatzprodukte oder Upgrades vorschlagen, um die Kunden zu zus\u00e4tzlichen Eink\u00e4ufen zu bewegen. Zum Beispiel k\u00f6nnen sie ein Getr\u00e4nk zu einem Burger vorschlagen oder eine Beilage zu einem erm\u00e4\u00dfigten Preis anbieten, wenn sie zusammen mit einem Hauptgericht gekauft wird. Dadurch erh\u00f6ht sich nicht nur der durchschnittliche Bestellwert, sondern es entsteht auch nicht der Eindruck, dass ein menschliches Upselling aufdringlich w\u00e4re.  <\/span><\/p><p><strong style=\"background-color: transparent; letter-spacing: 0px; word-spacing: 0em;\">Geringere Arbeitskosten:<\/strong><span style=\"background-color: transparent; letter-spacing: 0px; word-spacing: 0em;\">  Durch die Automatisierung des Bestellvorgangs k\u00f6nnen Sie Ihr Personal in kritischeren Bereichen einsetzen oder die Anzahl der Mitarbeiter in weniger ausgelasteten Zeiten reduzieren. Diese Optimierung kann zu erheblichen Einsparungen bei den Personalkosten f\u00fchren, einem der gr\u00f6\u00dften Kostenfaktoren im Gastst\u00e4ttengewerbe. <\/span><\/p><p><strong>H\u00f6herer Durchsatz:<\/strong> Selbstbedienungskioske k\u00f6nnen mehrere Bestellungen gleichzeitig abwickeln und kontinuierlich arbeiten, was zu einem h\u00f6heren Kundendurchsatz f\u00fchrt, insbesondere in Spitzenzeiten. Diese Effizienz bedeutet, dass mehr Verk\u00e4ufe in k\u00fcrzerer Zeit abgewickelt werden k\u00f6nnen, was das Umsatzpotenzial direkt erh\u00f6ht. <\/p>\t\t\t\t\t\t\t\t<\/div>\n\t\t\t\t<\/div>\n\t\t\t\t<div class=\"elementor-element elementor-element-4800aad5 elementor-align-center elementor-mobile-align-center elementor-widget elementor-widget-button\" data-id=\"4800aad5\" data-element_type=\"widget\" data-e-type=\"widget\" data-widget_type=\"button.default\">\n\t\t\t\t<div class=\"elementor-widget-container\">\n\t\t\t\t\t\t\t\t\t<div class=\"elementor-button-wrapper\">\n\t\t\t\t\t<a class=\"elementor-button elementor-button-link elementor-size-sm\" href=\"https:\/\/rkeeperpos.de\/\/?page_id=256\">\n\t\t\t\t\t\t<span class=\"elementor-button-content-wrapper\">\n\t\t\t\t\t\t\t\t\t<span class=\"elementor-button-text\">Kontaktieren Sie uns<\/span>\n\t\t\t\t\t<\/span>\n\t\t\t\t\t<\/a>\n\t\t\t\t<\/div>\n\t\t\t\t\t\t\t\t<\/div>\n\t\t\t\t<\/div>\n\t\t\t\t\t<\/div>\n\t\t\t\t<\/div>\n\t\t\t\t<\/div>\n\t\t","protected":false},"excerpt":{"rendered":"<p>Selbstbedienungskioske Optimieren Sie Ihr Fast-Food-Erlebnis mit r_keeper Kiosken Schnell. Effizient. Benutzerfreundlich. Unsere Kioske sind schnell, effizient und unglaublich benutzerfreundlich und erm\u00f6glichen es Ihren Kunden, ihre Bestellungen bequem aufzugeben, wodurch sich die Wartezeiten verk\u00fcrzen und die Zufriedenheit steigt. Tauchen Sie ein in die Zukunft der Gastronomie, wo Technologie auf Geschmack trifft. Steigern Sie die Effizienz Ihres [&hellip;]<\/p>\n","protected":false},"author":1,"featured_media":0,"parent":0,"menu_order":0,"comment_status":"closed","ping_status":"closed","template":"elementor_header_footer","meta":{"footnotes":""},"class_list":["post-1956","page","type-page","status-publish","hentry"],"_links":{"self":[{"href":"https:\/\/rkeeperpos.de\/index.php?rest_route=\/wp\/v2\/pages\/1956","targetHints":{"allow":["GET"]}}],"collection":[{"href":"https:\/\/rkeeperpos.de\/index.php?rest_route=\/wp\/v2\/pages"}],"about":[{"href":"https:\/\/rkeeperpos.de\/index.php?rest_route=\/wp\/v2\/types\/page"}],"author":[{"embeddable":true,"href":"https:\/\/rkeeperpos.de\/index.php?rest_route=\/wp\/v2\/users\/1"}],"replies":[{"embeddable":true,"href":"https:\/\/rkeeperpos.de\/index.php?rest_route=%2Fwp%2Fv2%2Fcomments&post=1956"}],"version-history":[{"count":4,"href":"https:\/\/rkeeperpos.de\/index.php?rest_route=\/wp\/v2\/pages\/1956\/revisions"}],"predecessor-version":[{"id":3703,"href":"https:\/\/rkeeperpos.de\/index.php?rest_route=\/wp\/v2\/pages\/1956\/revisions\/3703"}],"wp:attachment":[{"href":"https:\/\/rkeeperpos.de\/index.php?rest_route=%2Fwp%2Fv2%2Fmedia&parent=1956"}],"curies":[{"name":"wp","href":"https:\/\/api.w.org\/{rel}","templated":true}]}}