{"id":2465,"date":"2025-07-14T16:04:46","date_gmt":"2025-07-14T13:04:46","guid":{"rendered":"https:\/\/rkeeper.us\/?page_id=2465"},"modified":"2025-07-22T11:57:49","modified_gmt":"2025-07-22T08:57:49","slug":"drive-through","status":"publish","type":"page","link":"https:\/\/rkeeperpos.de\/?page_id=2465","title":{"rendered":"Drive-through"},"content":{"rendered":"<h3>Drive-through<\/h3>\n<h2 id=\"Drive-Through:-Speed-Up-Serve-More-Smile-Often-1\"><strong>Drive-Through: Schneller fahren, mehr servieren, \u00f6fter l\u00e4cheln<\/strong><\/h2>\n<h3 id=\"Fast.-Frictionless.-Fully-Integrated.-2\">Schnell. Reibungslos. Vollst\u00e4ndig integriert.  <\/h3>\n<p>Ein moderner Drive-Through besteht nicht nur aus einem Fenster und einem Lautsprecher.<br \/>Es ist ein gut funktionierendes System, das Ihre Speisekarte, die K\u00fcche, die Bezahlung und den Kunden miteinander verbindet &#8211; in Sekundenschnelle.<br \/>Unsere <strong>Drive-Through-L\u00f6sung<\/strong> bietet Ihnen alles, was Sie brauchen, um mehr Autos schneller und mit weniger Fehlern zu bedienen.<\/p>\n<p>Vom Bildschirm bis zum Sandwich &#8211; Rationalisierung der gesamten Fahrspur.<\/p>\n<h3 id=\"Built-for-Speed-and-Accuracy-2\"><strong>Gebaut f\u00fcr Geschwindigkeit und Genauigkeit<\/strong><\/h3>\n<p><img fetchpriority=\"high\" decoding=\"async\" style=\"margin: 8px 8px 0px;\" src=\"https:\/\/img.perfectwiki.xyz\/insecure\/resize:fit:400\/aHR0cHM6Ly9zdG9yYWdlLmdvb2dsZWFwaXMuY29tL3BlcmZlY3Rfd2lraS9jMThmZTZmNy03MTRiLTQxMzItYmI1NC0zNTY0ODc3NWVkMGMvNWhqMGlFVlkzaUtwbDRKQ1RhTGsvJUQwJUI4JUQwJUI3JUQwJUJFJUQwJUIxJUQxJTgwJUQwJUIwJUQwJUI2JUQwJUI1JUQwJUJEJUQwJUI4JUQwJUI1XzZmZWI4ZTcwLTdkYWMtNGUyMC1iMTBkLWFiYTdmOTllODczNS5wbmc.webp\" sizes=\"100vw\" srcset=\"https:\/\/img.perfectwiki.xyz\/insecure\/resize:fit:400\/aHR0cHM6Ly9zdG9yYWdlLmdvb2dsZWFwaXMuY29tL3BlcmZlY3Rfd2lraS9jMThmZTZmNy03MTRiLTQxMzItYmI1NC0zNTY0ODc3NWVkMGMvNWhqMGlFVlkzaUtwbDRKQ1RhTGsvJUQwJUI4JUQwJUI3JUQwJUJFJUQwJUIxJUQxJTgwJUQwJUIwJUQwJUI2JUQwJUI1JUQwJUJEJUQwJUI4JUQwJUI1XzZmZWI4ZTcwLTdkYWMtNGUyMC1iMTBkLWFiYTdmOTllODczNS5wbmc.webp 400w, https:\/\/img.perfectwiki.xyz\/insecure\/resize:fit:800\/aHR0cHM6Ly9zdG9yYWdlLmdvb2dsZWFwaXMuY29tL3BlcmZlY3Rfd2lraS9jMThmZTZmNy03MTRiLTQxMzItYmI1NC0zNTY0ODc3NWVkMGMvNWhqMGlFVlkzaUtwbDRKQ1RhTGsvJUQwJUI4JUQwJUI3JUQwJUJFJUQwJUIxJUQxJTgwJUQwJUIwJUQwJUI2JUQwJUI1JUQwJUJEJUQwJUI4JUQwJUI1XzZmZWI4ZTcwLTdkYWMtNGUyMC1iMTBkLWFiYTdmOTllODczNS5wbmc.webp 800w, https:\/\/img.perfectwiki.xyz\/insecure\/resize:fit:1200\/aHR0cHM6Ly9zdG9yYWdlLmdvb2dsZWFwaXMuY29tL3BlcmZlY3Rfd2lraS9jMThmZTZmNy03MTRiLTQxMzItYmI1NC0zNTY0ODc3NWVkMGMvNWhqMGlFVlkzaUtwbDRKQ1RhTGsvJUQwJUI4JUQwJUI3JUQwJUJFJUQwJUIxJUQxJTgwJUQwJUIwJUQwJUI2JUQwJUI1JUQwJUJEJUQwJUI4JUQwJUI1XzZmZWI4ZTcwLTdkYWMtNGUyMC1iMTBkLWFiYTdmOTllODczNS5wbmc.webp 1200w, https:\/\/img.perfectwiki.xyz\/insecure\/aHR0cHM6Ly9zdG9yYWdlLmdvb2dsZWFwaXMuY29tL3BlcmZlY3Rfd2lraS9jMThmZTZmNy03MTRiLTQxMzItYmI1NC0zNTY0ODc3NWVkMGMvNWhqMGlFVlkzaUtwbDRKQ1RhTGsvJUQwJUI4JUQwJUI3JUQwJUJFJUQwJUIxJUQxJTgwJUQwJUIwJUQwJUI2JUQwJUI1JUQwJUJEJUQwJUI4JUQwJUI1XzZmZWI4ZTcwLTdkYWMtNGUyMC1iMTBkLWFiYTdmOTllODczNS5wbmc.webp 1400w\" alt=\"L\u00f6sungen \/ 8 Drive-through  \" width=\"325\" height=\"217\"><\/p>\n<p><strong>Ber\u00fchrungslose Order Panels<\/strong><br \/>Erm\u00f6glichen es Kunden, Bestellungen per Touchscreen oder Sprache aufzugeben, mit einer benutzerfreundlichen Oberfl\u00e4che &#8211; sogar vom Auto aus.<\/p>\n<p><strong>Integrierter POS- und K\u00fcchenworkflow<\/strong><br \/>Bestellungen erscheinen sofort in Ihrer K\u00fcchenwarteschlange. Kein erneutes Abtippen. Keine Verz\u00f6gerungen.  <\/p>\n<p><strong>Schnelle, flexible Zahlungen<\/strong><br \/>Akzeptieren Sie Karte, Tap, QR oder mobile Geldb\u00f6rsen &#8211; direkt am Fenster.<\/p>\n<p><strong>Sofortige Quittungen und Bestellungsr\u00fcckruf<\/strong><br \/>Schnelles Drucken, automatischer R\u00fcckruf fr\u00fcherer Bestellungen und volle Kundentransparenz.<\/p>\n<p><strong>Tools f\u00fcr das Warteschlangenmanagement<\/strong><br \/>Verfolgen Sie die Anzahl der Fahrzeuge, die Wartezeiten und optimieren Sie den Verkehrsfluss mit Live-Daten.<\/p>\n<h3 id=\"Why-It-Works-2\"><strong>Warum es funktioniert<\/strong><\/h3>\n<p><img decoding=\"async\" style=\"margin: 8px 8px 0px;\" src=\"https:\/\/img.perfectwiki.xyz\/insecure\/resize:fit:400\/aHR0cHM6Ly9zdG9yYWdlLmdvb2dsZWFwaXMuY29tL3BlcmZlY3Rfd2lraS9jMThmZTZmNy03MTRiLTQxMzItYmI1NC0zNTY0ODc3NWVkMGMvNWhqMGlFVlkzaUtwbDRKQ1RhTGsvJUQwJUI4JUQwJUI3JUQwJUJFJUQwJUIxJUQxJTgwJUQwJUIwJUQwJUI2JUQwJUI1JUQwJUJEJUQwJUI4JUQwJUI1XzkwMjgyODY5LTAwNWUtNDY4OC04MmU3LWIwM2ZkMGRmYjA4ZC5wbmc.webp\" sizes=\"100vw\" srcset=\"https:\/\/img.perfectwiki.xyz\/insecure\/resize:fit:400\/aHR0cHM6Ly9zdG9yYWdlLmdvb2dsZWFwaXMuY29tL3BlcmZlY3Rfd2lraS9jMThmZTZmNy03MTRiLTQxMzItYmI1NC0zNTY0ODc3NWVkMGMvNWhqMGlFVlkzaUtwbDRKQ1RhTGsvJUQwJUI4JUQwJUI3JUQwJUJFJUQwJUIxJUQxJTgwJUQwJUIwJUQwJUI2JUQwJUI1JUQwJUJEJUQwJUI4JUQwJUI1XzkwMjgyODY5LTAwNWUtNDY4OC04MmU3LWIwM2ZkMGRmYjA4ZC5wbmc.webp 400w, https:\/\/img.perfectwiki.xyz\/insecure\/resize:fit:800\/aHR0cHM6Ly9zdG9yYWdlLmdvb2dsZWFwaXMuY29tL3BlcmZlY3Rfd2lraS9jMThmZTZmNy03MTRiLTQxMzItYmI1NC0zNTY0ODc3NWVkMGMvNWhqMGlFVlkzaUtwbDRKQ1RhTGsvJUQwJUI4JUQwJUI3JUQwJUJFJUQwJUIxJUQxJTgwJUQwJUIwJUQwJUI2JUQwJUI1JUQwJUJEJUQwJUI4JUQwJUI1XzkwMjgyODY5LTAwNWUtNDY4OC04MmU3LWIwM2ZkMGRmYjA4ZC5wbmc.webp 800w, https:\/\/img.perfectwiki.xyz\/insecure\/resize:fit:1200\/aHR0cHM6Ly9zdG9yYWdlLmdvb2dsZWFwaXMuY29tL3BlcmZlY3Rfd2lraS9jMThmZTZmNy03MTRiLTQxMzItYmI1NC0zNTY0ODc3NWVkMGMvNWhqMGlFVlkzaUtwbDRKQ1RhTGsvJUQwJUI4JUQwJUI3JUQwJUJFJUQwJUIxJUQxJTgwJUQwJUIwJUQwJUI2JUQwJUI1JUQwJUJEJUQwJUI4JUQwJUI1XzkwMjgyODY5LTAwNWUtNDY4OC04MmU3LWIwM2ZkMGRmYjA4ZC5wbmc.webp 1200w, https:\/\/img.perfectwiki.xyz\/insecure\/aHR0cHM6Ly9zdG9yYWdlLmdvb2dsZWFwaXMuY29tL3BlcmZlY3Rfd2lraS9jMThmZTZmNy03MTRiLTQxMzItYmI1NC0zNTY0ODc3NWVkMGMvNWhqMGlFVlkzaUtwbDRKQ1RhTGsvJUQwJUI4JUQwJUI3JUQwJUJFJUQwJUIxJUQxJTgwJUQwJUIwJUQwJUI2JUQwJUI1JUQwJUJEJUQwJUI4JUQwJUI1XzkwMjgyODY5LTAwNWUtNDY4OC04MmU3LWIwM2ZkMGRmYjA4ZC5wbmc.webp 1400w\" alt=\"L\u00f6sungen \/ 8 Drive-through  \" width=\"417\" height=\"278\"><\/p>\n<p><strong>Mehr Kunden in k\u00fcrzerer Zeit bedienen<\/strong><br \/>Eine schnellere Auftragserfassung und K\u00fcchenabwicklung bedeutet k\u00fcrzere Warteschlangen und einen h\u00f6heren Durchsatz.<\/p>\n<p><strong>Weniger Fehler = zufriedenere G\u00e4ste<\/strong><br \/>Das integrierte Bestellwesen minimiert Kommunikationsfehler &#8211; die Bestellungen sind immer korrekt.<\/p>\n<p><strong>Echtzeit\u00fcberwachung<\/strong><br \/>Erhalten Sie Live-Daten zu durchschnittlichen Wartezeiten, Abbr\u00fcchen und Spitzenzeiten.<\/p>\n<p><strong>Professionelle Erfahrung<\/strong><br \/>Bieten Sie Ihren G\u00e4sten die Erfahrung, die sie von modernen QSR-Marken erwarten &#8211; schnell, reibungslos, technisch fortschrittlich.<\/p>\n<p><img decoding=\"async\" src=\"https:\/\/img.perfectwiki.xyz\/insecure\/resize:fit:400\/aHR0cHM6Ly9zdG9yYWdlLmdvb2dsZWFwaXMuY29tL3BlcmZlY3Rfd2lraS9jMThmZTZmNy03MTRiLTQxMzItYmI1NC0zNTY0ODc3NWVkMGMvNWhqMGlFVlkzaUtwbDRKQ1RhTGsvJUQwJUI4JUQwJUI3JUQwJUJFJUQwJUIxJUQxJTgwJUQwJUIwJUQwJUI2JUQwJUI1JUQwJUJEJUQwJUI4JUQwJUI1Xzc0ZjZlZDk0LTIwZjUtNGYwNS1iOTI5LWEzZGM3ZDExYWRhMC5wbmc.webp\" sizes=\"100vw\" srcset=\"https:\/\/img.perfectwiki.xyz\/insecure\/resize:fit:400\/aHR0cHM6Ly9zdG9yYWdlLmdvb2dsZWFwaXMuY29tL3BlcmZlY3Rfd2lraS9jMThmZTZmNy03MTRiLTQxMzItYmI1NC0zNTY0ODc3NWVkMGMvNWhqMGlFVlkzaUtwbDRKQ1RhTGsvJUQwJUI4JUQwJUI3JUQwJUJFJUQwJUIxJUQxJTgwJUQwJUIwJUQwJUI2JUQwJUI1JUQwJUJEJUQwJUI4JUQwJUI1Xzc0ZjZlZDk0LTIwZjUtNGYwNS1iOTI5LWEzZGM3ZDExYWRhMC5wbmc.webp 400w, https:\/\/img.perfectwiki.xyz\/insecure\/resize:fit:800\/aHR0cHM6Ly9zdG9yYWdlLmdvb2dsZWFwaXMuY29tL3BlcmZlY3Rfd2lraS9jMThmZTZmNy03MTRiLTQxMzItYmI1NC0zNTY0ODc3NWVkMGMvNWhqMGlFVlkzaUtwbDRKQ1RhTGsvJUQwJUI4JUQwJUI3JUQwJUJFJUQwJUIxJUQxJTgwJUQwJUIwJUQwJUI2JUQwJUI1JUQwJUJEJUQwJUI4JUQwJUI1Xzc0ZjZlZDk0LTIwZjUtNGYwNS1iOTI5LWEzZGM3ZDExYWRhMC5wbmc.webp 800w, https:\/\/img.perfectwiki.xyz\/insecure\/resize:fit:1200\/aHR0cHM6Ly9zdG9yYWdlLmdvb2dsZWFwaXMuY29tL3BlcmZlY3Rfd2lraS9jMThmZTZmNy03MTRiLTQxMzItYmI1NC0zNTY0ODc3NWVkMGMvNWhqMGlFVlkzaUtwbDRKQ1RhTGsvJUQwJUI4JUQwJUI3JUQwJUJFJUQwJUIxJUQxJTgwJUQwJUIwJUQwJUI2JUQwJUI1JUQwJUJEJUQwJUI4JUQwJUI1Xzc0ZjZlZDk0LTIwZjUtNGYwNS1iOTI5LWEzZGM3ZDExYWRhMC5wbmc.webp 1200w, https:\/\/img.perfectwiki.xyz\/insecure\/aHR0cHM6Ly9zdG9yYWdlLmdvb2dsZWFwaXMuY29tL3BlcmZlY3Rfd2lraS9jMThmZTZmNy03MTRiLTQxMzItYmI1NC0zNTY0ODc3NWVkMGMvNWhqMGlFVlkzaUtwbDRKQ1RhTGsvJUQwJUI4JUQwJUI3JUQwJUJFJUQwJUIxJUQxJTgwJUQwJUIwJUQwJUI2JUQwJUI1JUQwJUJEJUQwJUI4JUQwJUI1Xzc0ZjZlZDk0LTIwZjUtNGYwNS1iOTI5LWEzZGM3ZDExYWRhMC5wbmc.webp 1400w\" alt=\"L\u00f6sungen \/ 8 Drive-through  \" width=\"232\" height=\"349\"><\/p>\n<h3 id=\"Drive-Through-for-Every-Scale-2\"><strong>Drive-Through f\u00fcr jeden Ma\u00dfstab<\/strong><\/h3>\n<ul>\n<li><strong>Fast Food &amp; QSR<\/strong>: Wie ein Profi durch den Mittagsansturm kommen<\/li>\n<li><strong>Kaffee-Ketten<\/strong>: Halten Sie die Schlange am fr\u00fchen Morgen in Bewegung<\/li>\n<li><strong>Restaurants zum Mitnehmen<\/strong>: Mehr Abholungen ohne Chaos bew\u00e4ltigen<\/li>\n<li><strong>Highway-Standorte<\/strong>: Bedienen Sie Reisende unterwegs &#8211; ohne zu bremsen<\/li>\n<\/ul>\n<h2 id=\"Turn-Your-Parking-Lot-Into-a-Profit-Machine-1\"><strong>Verwandeln Sie Ihren Parkplatz in eine Gewinnmaschine<\/strong><\/h2>\n<p>Mit den richtigen Werkzeugen wird der Drive-in zu mehr als nur einem bequemen Service &#8211; er wird zu Ihrem wichtigsten Vertriebskanal.<\/p>\n<p>\t\t\t\t\t<a href=\"https:\/\/rkeeper.us\/?page_id=256\"><br \/>\n\t\t\t\t\t\t\t\t\tKontaktieren Sie uns<br \/>\n\t\t\t\t\t<\/a><\/p>\n","protected":false},"excerpt":{"rendered":"<p>Drive-through Drive-Through: Schneller fahren, mehr servieren, \u00f6fter l\u00e4cheln Schnell. Reibungslos. Vollst\u00e4ndig integriert. Ein moderner Drive-Through besteht nicht nur aus einem Fenster und einem Lautsprecher.Es ist ein gut funktionierendes System, das Ihre Speisekarte, die K\u00fcche, die Bezahlung und den Kunden miteinander verbindet &#8211; in Sekundenschnelle.Unsere Drive-Through-L\u00f6sung bietet Ihnen alles, was Sie brauchen, um mehr Autos schneller [&hellip;]<\/p>\n","protected":false},"author":1,"featured_media":0,"parent":0,"menu_order":0,"comment_status":"closed","ping_status":"closed","template":"","meta":{"footnotes":""},"class_list":["post-2465","page","type-page","status-publish","hentry"],"_links":{"self":[{"href":"https:\/\/rkeeperpos.de\/index.php?rest_route=\/wp\/v2\/pages\/2465","targetHints":{"allow":["GET"]}}],"collection":[{"href":"https:\/\/rkeeperpos.de\/index.php?rest_route=\/wp\/v2\/pages"}],"about":[{"href":"https:\/\/rkeeperpos.de\/index.php?rest_route=\/wp\/v2\/types\/page"}],"author":[{"embeddable":true,"href":"https:\/\/rkeeperpos.de\/index.php?rest_route=\/wp\/v2\/users\/1"}],"replies":[{"embeddable":true,"href":"https:\/\/rkeeperpos.de\/index.php?rest_route=%2Fwp%2Fv2%2Fcomments&post=2465"}],"version-history":[{"count":5,"href":"https:\/\/rkeeperpos.de\/index.php?rest_route=\/wp\/v2\/pages\/2465\/revisions"}],"predecessor-version":[{"id":3613,"href":"https:\/\/rkeeperpos.de\/index.php?rest_route=\/wp\/v2\/pages\/2465\/revisions\/3613"}],"wp:attachment":[{"href":"https:\/\/rkeeperpos.de\/index.php?rest_route=%2Fwp%2Fv2%2Fmedia&parent=2465"}],"curies":[{"name":"wp","href":"https:\/\/api.w.org\/{rel}","templated":true}]}}