{"id":2546,"date":"2025-07-14T15:51:29","date_gmt":"2025-07-14T12:51:29","guid":{"rendered":"https:\/\/rkeeper.us\/?page_id=2546"},"modified":"2025-07-22T12:06:38","modified_gmt":"2025-07-22T09:06:38","slug":"online-bestellen","status":"publish","type":"page","link":"https:\/\/rkeeperpos.de\/?page_id=2546","title":{"rendered":"Online bestellen"},"content":{"rendered":"\t\t<div data-elementor-type=\"wp-page\" data-elementor-id=\"2546\" class=\"elementor elementor-2546 elementor-2220\" data-elementor-post-type=\"page\">\n\t\t\t\t<div class=\"elementor-element elementor-element-13b53120 e-flex e-con-boxed e-con e-parent\" data-id=\"13b53120\" data-element_type=\"container\" data-e-type=\"container\">\n\t\t\t\t\t<div class=\"e-con-inner\">\n\t\t\t\t<div class=\"elementor-element elementor-element-664f7414 elementor-widget elementor-widget-heading\" data-id=\"664f7414\" data-element_type=\"widget\" data-e-type=\"widget\" data-widget_type=\"heading.default\">\n\t\t\t\t<div class=\"elementor-widget-container\">\n\t\t\t\t\t<h3 class=\"elementor-heading-title elementor-size-default\">Online-Bestellung<\/h3>\t\t\t\t<\/div>\n\t\t\t\t<\/div>\n\t\t\t\t<div class=\"elementor-element elementor-element-63e33bf0 elementor-widget elementor-widget-text-editor\" data-id=\"63e33bf0\" data-element_type=\"widget\" data-e-type=\"widget\" data-widget_type=\"text-editor.default\">\n\t\t\t\t<div class=\"elementor-widget-container\">\n\t\t\t\t\t\t\t\t\t<h2 id=\"Online-Ordering:-Your-Restaurant-Always-Open-1\"><strong>Online bestellen: Ihr Restaurant, immer ge\u00f6ffnet<\/strong><\/h2><h3 id=\"Turn-Clicks-Into-Orders.-Anytime-Anywhere.-2\">Klicks in Bestellungen verwandeln. Jederzeit und \u00fcberall. <\/h3><p>Lassen Sie Ihre Kunden mit nur wenigen Fingertipps in Ihrem Restaurant bestellen &#8211; auf jedem Ger\u00e4t.<br>Unsere <strong>Online-Bestelll\u00f6sung<\/strong> verbindet Ihre Speisekarte mit der digitalen Welt: Ihrer Website, Ihrer mobilen App oder einem QR-Code. Keine Zwischenh\u00e4ndler. Keine Provisionsk\u00fcrzungen. Nur Direktverk\u00e4ufe, direkt in Ihre K\u00fcche.   <\/p><p>Dienen Sie \u00fcber Ihre Mauern hinaus. Seien Sie dort, wo Ihre Kunden sind. <\/p><h3 id=\"Why-You'll-Love-It-2\"><strong>Warum Sie es lieben werden<\/strong><\/h3><p><img fetchpriority=\"high\" decoding=\"async\" class=\"alignleft\" src=\"https:\/\/img.perfectwiki.xyz\/insecure\/resize:fit:400\/aHR0cHM6Ly9zdG9yYWdlLmdvb2dsZWFwaXMuY29tL3BlcmZlY3Rfd2lraS9jMThmZTZmNy03MTRiLTQxMzItYmI1NC0zNTY0ODc3NWVkMGMvRXFoakF6MGFkRjlvQ3BVRXdIVFQvJUQwJUI4JUQwJUI3JUQwJUJFJUQwJUIxJUQxJTgwJUQwJUIwJUQwJUI2JUQwJUI1JUQwJUJEJUQwJUI4JUQwJUI1XzQyZTk5NjM0LWY0YzYtNGU3My05MDhlLTI4ODBiZTIwMGU4OS5wbmc.webp\" sizes=\"100vw\" srcset=\"https:\/\/img.perfectwiki.xyz\/insecure\/resize:fit:400\/aHR0cHM6Ly9zdG9yYWdlLmdvb2dsZWFwaXMuY29tL3BlcmZlY3Rfd2lraS9jMThmZTZmNy03MTRiLTQxMzItYmI1NC0zNTY0ODc3NWVkMGMvRXFoakF6MGFkRjlvQ3BVRXdIVFQvJUQwJUI4JUQwJUI3JUQwJUJFJUQwJUIxJUQxJTgwJUQwJUIwJUQwJUI2JUQwJUI1JUQwJUJEJUQwJUI4JUQwJUI1XzQyZTk5NjM0LWY0YzYtNGU3My05MDhlLTI4ODBiZTIwMGU4OS5wbmc.webp 400w, https:\/\/img.perfectwiki.xyz\/insecure\/resize:fit:800\/aHR0cHM6Ly9zdG9yYWdlLmdvb2dsZWFwaXMuY29tL3BlcmZlY3Rfd2lraS9jMThmZTZmNy03MTRiLTQxMzItYmI1NC0zNTY0ODc3NWVkMGMvRXFoakF6MGFkRjlvQ3BVRXdIVFQvJUQwJUI4JUQwJUI3JUQwJUJFJUQwJUIxJUQxJTgwJUQwJUIwJUQwJUI2JUQwJUI1JUQwJUJEJUQwJUI4JUQwJUI1XzQyZTk5NjM0LWY0YzYtNGU3My05MDhlLTI4ODBiZTIwMGU4OS5wbmc.webp 800w, https:\/\/img.perfectwiki.xyz\/insecure\/resize:fit:1200\/aHR0cHM6Ly9zdG9yYWdlLmdvb2dsZWFwaXMuY29tL3BlcmZlY3Rfd2lraS9jMThmZTZmNy03MTRiLTQxMzItYmI1NC0zNTY0ODc3NWVkMGMvRXFoakF6MGFkRjlvQ3BVRXdIVFQvJUQwJUI4JUQwJUI3JUQwJUJFJUQwJUIxJUQxJTgwJUQwJUIwJUQwJUI2JUQwJUI1JUQwJUJEJUQwJUI4JUQwJUI1XzQyZTk5NjM0LWY0YzYtNGU3My05MDhlLTI4ODBiZTIwMGU4OS5wbmc.webp 1200w, https:\/\/img.perfectwiki.xyz\/insecure\/aHR0cHM6Ly9zdG9yYWdlLmdvb2dsZWFwaXMuY29tL3BlcmZlY3Rfd2lraS9jMThmZTZmNy03MTRiLTQxMzItYmI1NC0zNTY0ODc3NWVkMGMvRXFoakF6MGFkRjlvQ3BVRXdIVFQvJUQwJUI4JUQwJUI3JUQwJUJFJUQwJUIxJUQxJTgwJUQwJUIwJUQwJUI2JUQwJUI1JUQwJUJEJUQwJUI4JUQwJUI1XzQyZTk5NjM0LWY0YzYtNGU3My05MDhlLTI4ODBiZTIwMGU4OS5wbmc.webp 1400w\" alt=\"L\u00f6sungen \/ 6 Online-Bestellung\" width=\"224\" height=\"336\"><\/p><p><strong>Einfach zu bedienen, einfach zu bestellen<\/strong><br>Ein wundersch\u00f6nes, gebrandetes Men\u00fc f\u00fcr Mobilger\u00e4te und Desktop. Keine Apps zum Herunterladen &#8211; einfach antippen und bestellen. <\/p><p><strong>Sichere Zahlungen, flexible Optionen<\/strong><br>Akzeptieren Sie Karten, Apple\/Google Pay oder lassen Sie sie bei der Abholung bezahlen. Alle Transaktionen sind sicher und schnell. <\/p><p><strong>Abholung, Lieferung, Dine-In &#8211; alles abgedeckt<\/strong><br>Lassen Sie Ihren G\u00e4sten die Wahl, wie sie ihr Essen erhalten wollen: Abholung, Essen im Restaurant oder Lieferung.<\/p><p><strong>Vollst\u00e4ndig integriert<\/strong><br>Bestellungen flie\u00dfen direkt in Ihre Kasse oder K\u00fcche &#8211; keine zus\u00e4tzlichen Bildschirme, keine verpassten Tickets.<\/p><p><strong>Sales Insights &amp; Kundendaten<\/strong><br>Verfolgen Sie, was, wann und wie oft bestellt wird. Nutzen Sie diese Daten, um Ihre Angebote zu verbessern und Ihre Kunden besser anzusprechen. <\/p><h3 id=\"Key-Features-2\"><strong>Wesentliche Merkmale<\/strong><\/h3><ul><li>Anpassbares digitales Men\u00fc mit Kategorien und Modifikatoren<\/li><li>F\u00fcgen Sie Fotos, Allergene, Kombinationen hinzu &#8211; was immer Ihre G\u00e4ste entscheiden m\u00fcssen<\/li><li>Freigabe per Link, QR-Code oder Einbettung auf Ihrer Website<\/li><li>Unterst\u00fctzt Promo-Codes, Loyalit\u00e4t und Upselling<\/li><li>Echtzeitaktualisierung von Men\u00fc und Verf\u00fcgbarkeit<\/li><li><p>Mehrsprachiger Support f\u00fcr internationale Kunden<\/p><figure class=\"image image_resized\"><img decoding=\"async\" class=\"alignright\" src=\"https:\/\/img.perfectwiki.xyz\/insecure\/resize:fit:400\/aHR0cHM6Ly9zdG9yYWdlLmdvb2dsZWFwaXMuY29tL3BlcmZlY3Rfd2lraS9jMThmZTZmNy03MTRiLTQxMzItYmI1NC0zNTY0ODc3NWVkMGMvRXFoakF6MGFkRjlvQ3BVRXdIVFQvJUQwJUI4JUQwJUI3JUQwJUJFJUQwJUIxJUQxJTgwJUQwJUIwJUQwJUI2JUQwJUI1JUQwJUJEJUQwJUI4JUQwJUI1XzVkNzgwNjA4LTY0OTctNDNkYi1iMmViLTkzNDFkNzYyNzVjMS5wbmc.webp\" sizes=\"100vw\" srcset=\"https:\/\/img.perfectwiki.xyz\/insecure\/resize:fit:400\/aHR0cHM6Ly9zdG9yYWdlLmdvb2dsZWFwaXMuY29tL3BlcmZlY3Rfd2lraS9jMThmZTZmNy03MTRiLTQxMzItYmI1NC0zNTY0ODc3NWVkMGMvRXFoakF6MGFkRjlvQ3BVRXdIVFQvJUQwJUI4JUQwJUI3JUQwJUJFJUQwJUIxJUQxJTgwJUQwJUIwJUQwJUI2JUQwJUI1JUQwJUJEJUQwJUI4JUQwJUI1XzVkNzgwNjA4LTY0OTctNDNkYi1iMmViLTkzNDFkNzYyNzVjMS5wbmc.webp 400w, https:\/\/img.perfectwiki.xyz\/insecure\/resize:fit:800\/aHR0cHM6Ly9zdG9yYWdlLmdvb2dsZWFwaXMuY29tL3BlcmZlY3Rfd2lraS9jMThmZTZmNy03MTRiLTQxMzItYmI1NC0zNTY0ODc3NWVkMGMvRXFoakF6MGFkRjlvQ3BVRXdIVFQvJUQwJUI4JUQwJUI3JUQwJUJFJUQwJUIxJUQxJTgwJUQwJUIwJUQwJUI2JUQwJUI1JUQwJUJEJUQwJUI4JUQwJUI1XzVkNzgwNjA4LTY0OTctNDNkYi1iMmViLTkzNDFkNzYyNzVjMS5wbmc.webp 800w, https:\/\/img.perfectwiki.xyz\/insecure\/resize:fit:1200\/aHR0cHM6Ly9zdG9yYWdlLmdvb2dsZWFwaXMuY29tL3BlcmZlY3Rfd2lraS9jMThmZTZmNy03MTRiLTQxMzItYmI1NC0zNTY0ODc3NWVkMGMvRXFoakF6MGFkRjlvQ3BVRXdIVFQvJUQwJUI4JUQwJUI3JUQwJUJFJUQwJUIxJUQxJTgwJUQwJUIwJUQwJUI2JUQwJUI1JUQwJUJEJUQwJUI4JUQwJUI1XzVkNzgwNjA4LTY0OTctNDNkYi1iMmViLTkzNDFkNzYyNzVjMS5wbmc.webp 1200w, https:\/\/img.perfectwiki.xyz\/insecure\/aHR0cHM6Ly9zdG9yYWdlLmdvb2dsZWFwaXMuY29tL3BlcmZlY3Rfd2lraS9jMThmZTZmNy03MTRiLTQxMzItYmI1NC0zNTY0ODc3NWVkMGMvRXFoakF6MGFkRjlvQ3BVRXdIVFQvJUQwJUI4JUQwJUI3JUQwJUJFJUQwJUIxJUQxJTgwJUQwJUIwJUQwJUI2JUQwJUI1JUQwJUJEJUQwJUI4JUQwJUI1XzVkNzgwNjA4LTY0OTctNDNkYi1iMmViLTkzNDFkNzYyNzVjMS5wbmc.webp 1400w\" alt=\"L\u00f6sungen \/ 6 Online-Bestellung\" width=\"230\" height=\"347\"><\/figure><\/li><\/ul><h3 id=\"Who-Is-It-For-2\"><strong>F\u00fcr wen ist es?<\/strong><\/h3><p><strong>Fast Food<\/strong> &#8211; Schnelles Bestellen, weniger Warteschlangen<br><strong>Takeaway &amp; Delivery<\/strong> &#8211; Einfacher Kundenfluss, besseres Timing<br><strong>Caf\u00e9s &amp; B\u00e4ckereien<\/strong> &#8211; Planen Sie Abholungen, vermeiden Sie Schlangen<br><strong>Restaurants<\/strong> &#8211; QR-Tischbestellung, kein Personal erforderlich  <\/p><h2 id=\"Own-the-Customer-Experience-1\"><strong>Das Kundenerlebnis selbst in die Hand nehmen<\/strong><\/h2><p>Geben Sie Ihre Gesch\u00e4ftsbeziehung nicht an Drittanbieter-Apps ab.<br>Mit der direkten Online-Bestellung behalten Sie die Kontrolle &#8211; und behalten 100 % des Umsatzes.<\/p>\t\t\t\t\t\t\t\t<\/div>\n\t\t\t\t<\/div>\n\t\t\t\t<div class=\"elementor-element elementor-element-419a0f07 elementor-align-center elementor-mobile-align-center elementor-widget elementor-widget-button\" data-id=\"419a0f07\" data-element_type=\"widget\" data-e-type=\"widget\" data-widget_type=\"button.default\">\n\t\t\t\t<div class=\"elementor-widget-container\">\n\t\t\t\t\t\t\t\t\t<div class=\"elementor-button-wrapper\">\n\t\t\t\t\t<a class=\"elementor-button elementor-button-link elementor-size-sm\" href=\"https:\/\/rkeeper.us\/?page_id=256\">\n\t\t\t\t\t\t<span class=\"elementor-button-content-wrapper\">\n\t\t\t\t\t\t\t\t\t<span class=\"elementor-button-text\">Kontaktieren Sie uns<\/span>\n\t\t\t\t\t<\/span>\n\t\t\t\t\t<\/a>\n\t\t\t\t<\/div>\n\t\t\t\t\t\t\t\t<\/div>\n\t\t\t\t<\/div>\n\t\t\t\t\t<\/div>\n\t\t\t\t<\/div>\n\t\t\t\t<\/div>\n\t\t","protected":false},"excerpt":{"rendered":"<p>Online-Bestellung Online bestellen: Ihr Restaurant, immer ge\u00f6ffnet Klicks in Bestellungen verwandeln. Jederzeit und \u00fcberall. Lassen Sie Ihre Kunden mit nur wenigen Fingertipps in Ihrem Restaurant bestellen &#8211; auf jedem Ger\u00e4t.Unsere Online-Bestelll\u00f6sung verbindet Ihre Speisekarte mit der digitalen Welt: Ihrer Website, Ihrer mobilen App oder einem QR-Code. Keine Zwischenh\u00e4ndler. Keine Provisionsk\u00fcrzungen. Nur Direktverk\u00e4ufe, direkt in Ihre [&hellip;]<\/p>\n","protected":false},"author":1,"featured_media":0,"parent":0,"menu_order":0,"comment_status":"closed","ping_status":"closed","template":"","meta":{"footnotes":""},"class_list":["post-2546","page","type-page","status-publish","hentry"],"_links":{"self":[{"href":"https:\/\/rkeeperpos.de\/index.php?rest_route=\/wp\/v2\/pages\/2546","targetHints":{"allow":["GET"]}}],"collection":[{"href":"https:\/\/rkeeperpos.de\/index.php?rest_route=\/wp\/v2\/pages"}],"about":[{"href":"https:\/\/rkeeperpos.de\/index.php?rest_route=\/wp\/v2\/types\/page"}],"author":[{"embeddable":true,"href":"https:\/\/rkeeperpos.de\/index.php?rest_route=\/wp\/v2\/users\/1"}],"replies":[{"embeddable":true,"href":"https:\/\/rkeeperpos.de\/index.php?rest_route=%2Fwp%2Fv2%2Fcomments&post=2546"}],"version-history":[{"count":5,"href":"https:\/\/rkeeperpos.de\/index.php?rest_route=\/wp\/v2\/pages\/2546\/revisions"}],"predecessor-version":[{"id":3689,"href":"https:\/\/rkeeperpos.de\/index.php?rest_route=\/wp\/v2\/pages\/2546\/revisions\/3689"}],"wp:attachment":[{"href":"https:\/\/rkeeperpos.de\/index.php?rest_route=%2Fwp%2Fv2%2Fmedia&parent=2546"}],"curies":[{"name":"wp","href":"https:\/\/api.w.org\/{rel}","templated":true}]}}