{"id":2616,"date":"2025-07-14T15:56:20","date_gmt":"2025-07-14T12:56:20","guid":{"rendered":"https:\/\/rkeeper.us\/?page_id=2616"},"modified":"2025-07-22T12:03:58","modified_gmt":"2025-07-22T09:03:58","slug":"omnichannel-verkauf","status":"publish","type":"page","link":"https:\/\/rkeeperpos.de\/?page_id=2616","title":{"rendered":"Omnichannel-Verkauf"},"content":{"rendered":"\t\t<div data-elementor-type=\"wp-page\" data-elementor-id=\"2616\" class=\"elementor elementor-2616 elementor-2231\" data-elementor-post-type=\"page\">\n\t\t\t\t<div class=\"elementor-element elementor-element-6ea3bb29 e-flex e-con-boxed e-con e-parent\" data-id=\"6ea3bb29\" data-element_type=\"container\" data-e-type=\"container\">\n\t\t\t\t\t<div class=\"e-con-inner\">\n\t\t\t\t<div class=\"elementor-element elementor-element-bc47fca elementor-widget elementor-widget-heading\" data-id=\"bc47fca\" data-element_type=\"widget\" data-e-type=\"widget\" data-widget_type=\"heading.default\">\n\t\t\t\t<div class=\"elementor-widget-container\">\n\t\t\t\t\t<h3 class=\"elementor-heading-title elementor-size-default\">Omnichannel-Vertrieb<\/h3>\t\t\t\t<\/div>\n\t\t\t\t<\/div>\n\t\t\t\t<div class=\"elementor-element elementor-element-4e941143 elementor-widget elementor-widget-text-editor\" data-id=\"4e941143\" data-element_type=\"widget\" data-e-type=\"widget\" data-widget_type=\"text-editor.default\">\n\t\t\t\t<div class=\"elementor-widget-container\">\n\t\t\t\t\t\t\t\t\t<h2 id=\"Omnichannel-Sales:-Be-Everywhere-Your-Customers-Are-1\"><strong>Omnichannel-Vertrieb: Seien Sie \u00fcberall dort, wo Ihre Kunden sind<\/strong><\/h2><h3 id=\"One-Menu.-All-Channels.-Unlimited-Growth.-2\">Ein Men\u00fc. Alle Kan\u00e4le. Unbegrenztes Wachstum.  <\/h3><p><img fetchpriority=\"high\" decoding=\"async\" class=\"alignright\" src=\"https:\/\/img.perfectwiki.xyz\/insecure\/resize:fit:400\/aHR0cHM6Ly9zdG9yYWdlLmdvb2dsZWFwaXMuY29tL3BlcmZlY3Rfd2lraS9jMThmZTZmNy03MTRiLTQxMzItYmI1NC0zNTY0ODc3NWVkMGMvZVQwemNKcWhZalJnNGtDZVZPcHYvJUQwJUI4JUQwJUI3JUQwJUJFJUQwJUIxJUQxJTgwJUQwJUIwJUQwJUI2JUQwJUI1JUQwJUJEJUQwJUI4JUQwJUI1X2QwMmFkYzNjLTdlMjYtNDkxYi1iMjJmLTVjMGFmMmJkMzEyYS5wbmc.webp\" sizes=\"100vw\" srcset=\"https:\/\/img.perfectwiki.xyz\/insecure\/resize:fit:400\/aHR0cHM6Ly9zdG9yYWdlLmdvb2dsZWFwaXMuY29tL3BlcmZlY3Rfd2lraS9jMThmZTZmNy03MTRiLTQxMzItYmI1NC0zNTY0ODc3NWVkMGMvZVQwemNKcWhZalJnNGtDZVZPcHYvJUQwJUI4JUQwJUI3JUQwJUJFJUQwJUIxJUQxJTgwJUQwJUIwJUQwJUI2JUQwJUI1JUQwJUJEJUQwJUI4JUQwJUI1X2QwMmFkYzNjLTdlMjYtNDkxYi1iMjJmLTVjMGFmMmJkMzEyYS5wbmc.webp 400w, https:\/\/img.perfectwiki.xyz\/insecure\/resize:fit:800\/aHR0cHM6Ly9zdG9yYWdlLmdvb2dsZWFwaXMuY29tL3BlcmZlY3Rfd2lraS9jMThmZTZmNy03MTRiLTQxMzItYmI1NC0zNTY0ODc3NWVkMGMvZVQwemNKcWhZalJnNGtDZVZPcHYvJUQwJUI4JUQwJUI3JUQwJUJFJUQwJUIxJUQxJTgwJUQwJUIwJUQwJUI2JUQwJUI1JUQwJUJEJUQwJUI4JUQwJUI1X2QwMmFkYzNjLTdlMjYtNDkxYi1iMjJmLTVjMGFmMmJkMzEyYS5wbmc.webp 800w, https:\/\/img.perfectwiki.xyz\/insecure\/resize:fit:1200\/aHR0cHM6Ly9zdG9yYWdlLmdvb2dsZWFwaXMuY29tL3BlcmZlY3Rfd2lraS9jMThmZTZmNy03MTRiLTQxMzItYmI1NC0zNTY0ODc3NWVkMGMvZVQwemNKcWhZalJnNGtDZVZPcHYvJUQwJUI4JUQwJUI3JUQwJUJFJUQwJUIxJUQxJTgwJUQwJUIwJUQwJUI2JUQwJUI1JUQwJUJEJUQwJUI4JUQwJUI1X2QwMmFkYzNjLTdlMjYtNDkxYi1iMjJmLTVjMGFmMmJkMzEyYS5wbmc.webp 1200w, https:\/\/img.perfectwiki.xyz\/insecure\/aHR0cHM6Ly9zdG9yYWdlLmdvb2dsZWFwaXMuY29tL3BlcmZlY3Rfd2lraS9jMThmZTZmNy03MTRiLTQxMzItYmI1NC0zNTY0ODc3NWVkMGMvZVQwemNKcWhZalJnNGtDZVZPcHYvJUQwJUI4JUQwJUI3JUQwJUJFJUQwJUIxJUQxJTgwJUQwJUIwJUQwJUI2JUQwJUI1JUQwJUJEJUQwJUI4JUQwJUI1X2QwMmFkYzNjLTdlMjYtNDkxYi1iMjJmLTVjMGFmMmJkMzEyYS5wbmc.webp 1400w\" alt=\"L\u00f6sungen \/ 5 Omnichannel-Verkauf\" width=\"364\" height=\"242\"><\/p><p>Kunden bestellen heute \u00fcber Apps, Websites, Kioske und direkt an der Ladentheke. Warum sich f\u00fcr einen entscheiden, wenn man sie alle haben kann?<br>Unsere <strong>Omnichannel-Verkaufsl\u00f6sung<\/strong> verbindet jeden Verkaufs-Touchpoint in einem nahtlosen System &#8211; so geht keine Bestellung verloren und jeder Kunde wird bedient. <\/p><p>Online. Im Haus. Zum Mitnehmen. Alles auf einen Nenner gebracht.   <\/p><h3 id=\"What-You-Get-2\"><strong>Was Sie bekommen<\/strong><\/h3><p><img decoding=\"async\" class=\"alignleft\" src=\"https:\/\/img.perfectwiki.xyz\/insecure\/resize:fit:400\/aHR0cHM6Ly9zdG9yYWdlLmdvb2dsZWFwaXMuY29tL3BlcmZlY3Rfd2lraS9jMThmZTZmNy03MTRiLTQxMzItYmI1NC0zNTY0ODc3NWVkMGMvZVQwemNKcWhZalJnNGtDZVZPcHYvJUQwJUI4JUQwJUI3JUQwJUJFJUQwJUIxJUQxJTgwJUQwJUIwJUQwJUI2JUQwJUI1JUQwJUJEJUQwJUI4JUQwJUI1X2FhYTYwZDUxLWM1YjItNDY0Mi1iNmNmLWYyMTMxYmZiMjQ1MC5wbmc.webp\" sizes=\"100vw\" srcset=\"https:\/\/img.perfectwiki.xyz\/insecure\/resize:fit:400\/aHR0cHM6Ly9zdG9yYWdlLmdvb2dsZWFwaXMuY29tL3BlcmZlY3Rfd2lraS9jMThmZTZmNy03MTRiLTQxMzItYmI1NC0zNTY0ODc3NWVkMGMvZVQwemNKcWhZalJnNGtDZVZPcHYvJUQwJUI4JUQwJUI3JUQwJUJFJUQwJUIxJUQxJTgwJUQwJUIwJUQwJUI2JUQwJUI1JUQwJUJEJUQwJUI4JUQwJUI1X2FhYTYwZDUxLWM1YjItNDY0Mi1iNmNmLWYyMTMxYmZiMjQ1MC5wbmc.webp 400w, https:\/\/img.perfectwiki.xyz\/insecure\/resize:fit:800\/aHR0cHM6Ly9zdG9yYWdlLmdvb2dsZWFwaXMuY29tL3BlcmZlY3Rfd2lraS9jMThmZTZmNy03MTRiLTQxMzItYmI1NC0zNTY0ODc3NWVkMGMvZVQwemNKcWhZalJnNGtDZVZPcHYvJUQwJUI4JUQwJUI3JUQwJUJFJUQwJUIxJUQxJTgwJUQwJUIwJUQwJUI2JUQwJUI1JUQwJUJEJUQwJUI4JUQwJUI1X2FhYTYwZDUxLWM1YjItNDY0Mi1iNmNmLWYyMTMxYmZiMjQ1MC5wbmc.webp 800w, https:\/\/img.perfectwiki.xyz\/insecure\/resize:fit:1200\/aHR0cHM6Ly9zdG9yYWdlLmdvb2dsZWFwaXMuY29tL3BlcmZlY3Rfd2lraS9jMThmZTZmNy03MTRiLTQxMzItYmI1NC0zNTY0ODc3NWVkMGMvZVQwemNKcWhZalJnNGtDZVZPcHYvJUQwJUI4JUQwJUI3JUQwJUJFJUQwJUIxJUQxJTgwJUQwJUIwJUQwJUI2JUQwJUI1JUQwJUJEJUQwJUI4JUQwJUI1X2FhYTYwZDUxLWM1YjItNDY0Mi1iNmNmLWYyMTMxYmZiMjQ1MC5wbmc.webp 1200w, https:\/\/img.perfectwiki.xyz\/insecure\/aHR0cHM6Ly9zdG9yYWdlLmdvb2dsZWFwaXMuY29tL3BlcmZlY3Rfd2lraS9jMThmZTZmNy03MTRiLTQxMzItYmI1NC0zNTY0ODc3NWVkMGMvZVQwemNKcWhZalJnNGtDZVZPcHYvJUQwJUI4JUQwJUI3JUQwJUJFJUQwJUIxJUQxJTgwJUQwJUIwJUQwJUI2JUQwJUI1JUQwJUJEJUQwJUI4JUQwJUI1X2FhYTYwZDUxLWM1YjItNDY0Mi1iNmNmLWYyMTMxYmZiMjQ1MC5wbmc.webp 1400w\" alt=\"L\u00f6sungen \/ 5 Omnichannel-Verkauf\" width=\"242\" height=\"366\"><\/p><p><strong>Einheitliche Bestellungen \u00fcber alle Kan\u00e4le hinweg<\/strong><br>Kein Jonglieren mehr mit Tablets und Apps. Bestellungen aus dem Internet, vom Handy, vom Kiosk oder vom POS gehen direkt in ein System &#8211; sofort. <\/p><p><strong>Modernes, mobiles Erlebnis<\/strong><br>Ihr Men\u00fc, Ihr Stil &#8211; verf\u00fcgbar auf jedem Ger\u00e4t. Lassen Sie Ihre Kunden bestellen, wie sie es w\u00fcnschen. <\/p><p><strong>Echtzeit-Inventarisierung und Men\u00fc-Synchronisierung<\/strong><br>\u00c4ndern Sie einmal einen Preis oder Artikel, und er wird \u00fcberall aktualisiert: POS, Website, Liefer-Apps und Kioske.<\/p><p><strong>Zentralisiertes Reporting<\/strong><br>Verfolgen Sie den Gesamtumsatz, die wichtigsten Produkte und das Kundenverhalten \u00fcber alle Plattformen hinweg &#8211; in einem einzigen Dashboard.<\/p><p><strong>Bereit f\u00fcr Lieferung und Abholung<\/strong><br>Stellen Sie eine direkte Verbindung zu Click &amp; Collect, Lieferpartnern oder internen Kurieren her, um einen vollst\u00e4ndigen Vertriebskreislauf zu schaffen.<\/p><h3 id=\"Why-It-Matters-2\"><strong>Warum es wichtig ist<\/strong><\/h3><p><strong>Maximieren Sie Ihren Umsatz<\/strong> &#8211; Erfassen Sie Verk\u00e4ufe von jeder Plattform aus, 24\/7.<\/p><p><strong>Sparen Sie Zeit<\/strong> &#8211; Keine doppelte Eingabe mehr. Aktualisierungen erfolgen automatisch und sofort. <\/p><p><strong>Weniger Fehler<\/strong> &#8211; Einheitliche Bestellungen = keine Verwechslungen, keine fehlenden Artikel.<\/p><p><strong>H\u00f6here Loyalit\u00e4t<\/strong> &#8211; Reibungslose Erlebnisse \u00fcber alle Ber\u00fchrungspunkte hinweg f\u00f6rdern wiederholte Besuche.<\/p><h3 id=\"Channels-You-Can-Connect-2\"><strong>Kan\u00e4le, die Sie verbinden k\u00f6nnen<\/strong><\/h3><p><img decoding=\"async\" class=\"alignright\" style=\"margin: 8px 8px 0px;\" src=\"https:\/\/img.perfectwiki.xyz\/insecure\/resize:fit:400\/aHR0cHM6Ly9zdG9yYWdlLmdvb2dsZWFwaXMuY29tL3BlcmZlY3Rfd2lraS9jMThmZTZmNy03MTRiLTQxMzItYmI1NC0zNTY0ODc3NWVkMGMvZVQwemNKcWhZalJnNGtDZVZPcHYvJUQwJUI4JUQwJUI3JUQwJUJFJUQwJUIxJUQxJTgwJUQwJUIwJUQwJUI2JUQwJUI1JUQwJUJEJUQwJUI4JUQwJUI1X2QxY2QyYjAxLTc0ZWYtNDJmYi04Yzk5LTY1M2RhYWMwZDExOS5wbmc.webp\" sizes=\"100vw\" srcset=\"https:\/\/img.perfectwiki.xyz\/insecure\/resize:fit:400\/aHR0cHM6Ly9zdG9yYWdlLmdvb2dsZWFwaXMuY29tL3BlcmZlY3Rfd2lraS9jMThmZTZmNy03MTRiLTQxMzItYmI1NC0zNTY0ODc3NWVkMGMvZVQwemNKcWhZalJnNGtDZVZPcHYvJUQwJUI4JUQwJUI3JUQwJUJFJUQwJUIxJUQxJTgwJUQwJUIwJUQwJUI2JUQwJUI1JUQwJUJEJUQwJUI4JUQwJUI1X2QxY2QyYjAxLTc0ZWYtNDJmYi04Yzk5LTY1M2RhYWMwZDExOS5wbmc.webp 400w, https:\/\/img.perfectwiki.xyz\/insecure\/resize:fit:800\/aHR0cHM6Ly9zdG9yYWdlLmdvb2dsZWFwaXMuY29tL3BlcmZlY3Rfd2lraS9jMThmZTZmNy03MTRiLTQxMzItYmI1NC0zNTY0ODc3NWVkMGMvZVQwemNKcWhZalJnNGtDZVZPcHYvJUQwJUI4JUQwJUI3JUQwJUJFJUQwJUIxJUQxJTgwJUQwJUIwJUQwJUI2JUQwJUI1JUQwJUJEJUQwJUI4JUQwJUI1X2QxY2QyYjAxLTc0ZWYtNDJmYi04Yzk5LTY1M2RhYWMwZDExOS5wbmc.webp 800w, https:\/\/img.perfectwiki.xyz\/insecure\/resize:fit:1200\/aHR0cHM6Ly9zdG9yYWdlLmdvb2dsZWFwaXMuY29tL3BlcmZlY3Rfd2lraS9jMThmZTZmNy03MTRiLTQxMzItYmI1NC0zNTY0ODc3NWVkMGMvZVQwemNKcWhZalJnNGtDZVZPcHYvJUQwJUI4JUQwJUI3JUQwJUJFJUQwJUIxJUQxJTgwJUQwJUIwJUQwJUI2JUQwJUI1JUQwJUJEJUQwJUI4JUQwJUI1X2QxY2QyYjAxLTc0ZWYtNDJmYi04Yzk5LTY1M2RhYWMwZDExOS5wbmc.webp 1200w, https:\/\/img.perfectwiki.xyz\/insecure\/aHR0cHM6Ly9zdG9yYWdlLmdvb2dsZWFwaXMuY29tL3BlcmZlY3Rfd2lraS9jMThmZTZmNy03MTRiLTQxMzItYmI1NC0zNTY0ODc3NWVkMGMvZVQwemNKcWhZalJnNGtDZVZPcHYvJUQwJUI4JUQwJUI3JUQwJUJFJUQwJUIxJUQxJTgwJUQwJUIwJUQwJUI2JUQwJUI1JUQwJUJEJUQwJUI4JUQwJUI1X2QxY2QyYjAxLTc0ZWYtNDJmYi04Yzk5LTY1M2RhYWMwZDExOS5wbmc.webp 1400w\" alt=\"L\u00f6sungen \/ 5 Omnichannel-Verkauf\" width=\"234\" height=\"316\"><\/p><p>\u2705 POS &amp; Kasse<br>\u2705 Kiosk<br>\u2705 Native Mobile App<br>\u2705 Branded Website<br>\u2705 Lieferplattformen (Wolt, Bolt, Glovo, etc.)<br>\u2705 Click &amp; Collect<br>\u2705 QR-Tischbestellung<\/p><h2 id=\"Omnichannel-Omnipresence-1\"><strong>Omnichannel = Omnipr\u00e4senz<\/strong><\/h2><p>Ihre Kunden leben in mehreren Kan\u00e4len.<br>Jetzt kann Ihr Unternehmen das auch &#8211; ohne Chaos.<\/p><p>verbunden bleiben. Skalierbar bleiben. Behalten Sie die Kontrolle.  <\/p>\t\t\t\t\t\t\t\t<\/div>\n\t\t\t\t<\/div>\n\t\t\t\t<div class=\"elementor-element elementor-element-2c75ffcf elementor-align-center elementor-mobile-align-center elementor-widget elementor-widget-button\" data-id=\"2c75ffcf\" data-element_type=\"widget\" data-e-type=\"widget\" data-widget_type=\"button.default\">\n\t\t\t\t<div class=\"elementor-widget-container\">\n\t\t\t\t\t\t\t\t\t<div class=\"elementor-button-wrapper\">\n\t\t\t\t\t<a class=\"elementor-button elementor-button-link elementor-size-sm\" href=\"https:\/\/rkeeper.us\/?page_id=256\">\n\t\t\t\t\t\t<span class=\"elementor-button-content-wrapper\">\n\t\t\t\t\t\t\t\t\t<span class=\"elementor-button-text\">Kontaktieren Sie uns<\/span>\n\t\t\t\t\t<\/span>\n\t\t\t\t\t<\/a>\n\t\t\t\t<\/div>\n\t\t\t\t\t\t\t\t<\/div>\n\t\t\t\t<\/div>\n\t\t\t\t\t<\/div>\n\t\t\t\t<\/div>\n\t\t\t\t<\/div>\n\t\t","protected":false},"excerpt":{"rendered":"<p>Omnichannel-Vertrieb Omnichannel-Vertrieb: Seien Sie \u00fcberall dort, wo Ihre Kunden sind Ein Men\u00fc. Alle Kan\u00e4le. Unbegrenztes Wachstum. Kunden bestellen heute \u00fcber Apps, Websites, Kioske und direkt an der Ladentheke. Warum sich f\u00fcr einen entscheiden, wenn man sie alle haben kann?Unsere Omnichannel-Verkaufsl\u00f6sung verbindet jeden Verkaufs-Touchpoint in einem nahtlosen System &#8211; so geht keine Bestellung verloren und jeder [&hellip;]<\/p>\n","protected":false},"author":1,"featured_media":0,"parent":0,"menu_order":0,"comment_status":"closed","ping_status":"closed","template":"","meta":{"footnotes":""},"class_list":["post-2616","page","type-page","status-publish","hentry"],"_links":{"self":[{"href":"https:\/\/rkeeperpos.de\/index.php?rest_route=\/wp\/v2\/pages\/2616","targetHints":{"allow":["GET"]}}],"collection":[{"href":"https:\/\/rkeeperpos.de\/index.php?rest_route=\/wp\/v2\/pages"}],"about":[{"href":"https:\/\/rkeeperpos.de\/index.php?rest_route=\/wp\/v2\/types\/page"}],"author":[{"embeddable":true,"href":"https:\/\/rkeeperpos.de\/index.php?rest_route=\/wp\/v2\/users\/1"}],"replies":[{"embeddable":true,"href":"https:\/\/rkeeperpos.de\/index.php?rest_route=%2Fwp%2Fv2%2Fcomments&post=2616"}],"version-history":[{"count":2,"href":"https:\/\/rkeeperpos.de\/index.php?rest_route=\/wp\/v2\/pages\/2616\/revisions"}],"predecessor-version":[{"id":3670,"href":"https:\/\/rkeeperpos.de\/index.php?rest_route=\/wp\/v2\/pages\/2616\/revisions\/3670"}],"wp:attachment":[{"href":"https:\/\/rkeeperpos.de\/index.php?rest_route=%2Fwp%2Fv2%2Fmedia&parent=2616"}],"curies":[{"name":"wp","href":"https:\/\/api.w.org\/{rel}","templated":true}]}}